{"id":22,"date":"2023-02-08T10:08:14","date_gmt":"2023-02-08T10:08:14","guid":{"rendered":"https:\/\/most-lj.si\/?p=22"},"modified":"2025-08-21T09:43:55","modified_gmt":"2025-08-21T09:43:55","slug":"contact","status":"publish","type":"page","link":"https:\/\/most-lj.si\/en\/contact\/","title":{"rendered":"Contact"},"content":{"rendered":"<p><img decoding=\"async\" src=\"\/most\/most_contact.jpg\" alt=\"\"><\/p>\n<h1>Contact Us<\/h1>\n<p><img decoding=\"async\" src=\"\/most\/most_contact.jpg\" alt=\"\"><\/p>\n<div>Get in Touch<\/div>\n<div><a href=\"mailto:info@restavracija-most.si\">info@restavracija-most.si<\/a><\/div>\n<div><a href=\"mailto:info@restavracija-most.si\">info@restavracija-most.si<\/a><\/div>\n<div><a href=\"tel:+386 51 66 50 20\">+386 51 66 50 20<\/a><\/div>\n<div><a href=\"tel:+386 51 66 50 20\">+386 51 66 50 20<\/a><\/div>\n<div>Obi\u0161\u010dite nas<\/div>\n<div>Petkov\u0161kovo nabre\u017eje 21,<br \/>\n<br \/>1000 Ljubljana<\/div>\n<div>Petkov\u0161kovo nabre\u017eje 21<br \/>\n<br \/>1000 Ljubljana<\/div>\n<div>\n<p>46.052122749999995,14.508746613241795<\/p>\n<p><img decoding=\"async\" src=\"\/most\/most_M_blue.svg\" alt=\"\"><\/p>\n<div>Most<\/div>\n<div>Petkov\u0161kovo nabre\u017eje 21, 1000 Ljubljana<\/div>\n<p><a href=\"https:\/\/maps.app.goo.gl\/ekLPmG7DnT5DxKHaA\">Open in Google Maps<\/a><\/p>\n<\/div>\n<h2>Gift card<\/h2>\n<div>\n<\/p>\n<div class=\"gift-card\">\n<h1>Give the Gift of Romance, Flavor, and Adventure<\/h1>\n<p class=\"intro\">Surprise your loved ones with a Most Gift Card \u2013 the perfect way to offer a memorable experience in Ljubljana.<\/p>\n<p class=\"details\">With card, they can enjoy:<\/p>\n<ul class=\"benefits\">\n<li>Delicious cuisine in our <a href=\"\/restaurant\">restaurant<\/a><\/li>\n<li>A curated selection of wines at our elegant <a href=\"\/wine-bar\">wine bar<\/a><\/li>\n<li>A cozy stay in our charming <a href=\"\/rooms\">rooms<\/a><\/li>\n<li>A magical <a href=\"\/boat-tours\">barchetta tour<\/a> on the Ljubljanica River, complete with a house sparkling wine and gourmet delights<\/li>\n<\/ul>\n<p class=\"conclusion\">Whether for a romantic getaway, a special celebration, or a relaxing city escape, the Most Gift Card offers unforgettable moments.<\/p>\n<p class=\"call-to-action\">Give the gift of experiences. Order your Most Gift Card today!<\/p>\n<\/div>\n<\/div>\n<p><p>\n        <a href=\"https:\/\/r.venuo.net\/most\/store\/?lng=en\">Get a Giftcard<\/a>\n    <\/p>\n<\/p>\n<p><img decoding=\"async\" src=\"\/most\/most_bon_mockup_2.jpg\" alt=\"\"><\/p>\n<p><!--more--><br \/>\n<!-- {\"type\":\"layout\",\"children\":[{\"type\":\"section\",\"props\":{\"image_position\":\"center-center\",\"padding\":\"none\",\"padding_remove_bottom\":false,\"padding_remove_top\":false,\"style\":\"default\",\"title_breakpoint\":\"xl\",\"title_position\":\"top-left\",\"title_rotation\":\"left\",\"vertical_align\":\"\",\"width\":\"expand\"},\"children\":[{\"type\":\"row\",\"props\":{\"column_gap\":\"medium\",\"layout\":\"1-2,1-2\",\"margin_remove_bottom\":true,\"parallax\":false,\"width\":\"expand\"},\"children\":[{\"type\":\"column\",\"props\":{\"image_position\":\"center-center\",\"image_size\":\"cover\",\"media_visibility\":\"m\",\"padding\":\"none\",\"position_sticky\":\"column\",\"position_sticky_breakpoint\":\"m\",\"width_large\":\"1-2\"},\"children\":[{\"type\":\"image\",\"props\":{\"image\":\"most\\\/most_contact.jpg\",\"image_loading\":true,\"image_svg_color\":\"emphasis\",\"image_viewport_height\":true,\"image_width\":\"1240\",\"margin\":\"default\",\"visibility\":\"l\"}}]},{\"type\":\"column\",\"props\":{\"image_position\":\"center-center\",\"position_sticky_breakpoint\":\"m\",\"width_large\":\"1-2\"},\"children\":[{\"type\":\"headline\",\"props\":{\"block_align\":\"center\",\"content\":\"Contact Us\",\"content_sl_si\":\"Stopite v stik\",\"css\":\".el-element { margin-top: 70px; }\\n\\n@media(min-width: 1200px) {\\n    .el-element { margin-top: 140px; }\\n}\",\"margin\":\"large\",\"maxwidth\":\"xlarge\",\"text_align\":\"left\",\"title_element\":\"h1\",\"title_style\":\"heading-medium\"}},{\"type\":\"image\",\"props\":{\"image\":\"most\\\/most_contact.jpg\",\"image_svg_color\":\"emphasis\",\"image_viewport_height\":false,\"image_width\":\"1240\",\"margin\":\"default\",\"visibility\":\"hidden-m\"}},{\"type\":\"headline\",\"props\":{\"block_align\":\"center\",\"content\":\"Get in Touch\",\"content_sl_si\":\"Kontaktirajte nas\",\"margin\":\"large\",\"margin_remove_bottom\":true,\"maxwidth\":\"xlarge\",\"text_align\":\"left\",\"title_color\":\"primary\",\"title_element\":\"div\",\"title_style\":\"h4\"}},{\"type\":\"headline\",\"props\":{\"block_align\":\"center\",\"content\":\"info@restavracija-most.si\",\"link\":\"mailto:info@restavracija-most.si\",\"margin\":\"default\",\"margin_remove_bottom\":true,\"maxwidth\":\"xlarge\",\"text_align\":\"left\",\"title_element\":\"div\",\"title_style\":\"heading-small\",\"visibility\":\"s\"}},{\"type\":\"headline\",\"props\":{\"block_align\":\"center\",\"content\":\"info@restavracija-most.si\",\"link\":\"mailto:info@restavracija-most.si\",\"margin\":\"default\",\"margin_remove_bottom\":true,\"maxwidth\":\"xlarge\",\"text_align\":\"left\",\"title_element\":\"div\",\"title_style\":\"h2\",\"visibility\":\"hidden-s\"}},{\"type\":\"headline\",\"props\":{\"block_align\":\"center\",\"content\":\"+386 51 66 50 20\",\"link\":\"tel:+386 51 66 50 20\",\"margin\":\"default\",\"maxwidth\":\"xlarge\",\"text_align\":\"left\",\"title_element\":\"div\",\"title_style\":\"heading-small\",\"visibility\":\"s\"}},{\"type\":\"headline\",\"props\":{\"block_align\":\"center\",\"content\":\"+386 51 66 50 20\",\"link\":\"tel:+386 51 66 50 20\",\"margin\":\"default\",\"maxwidth\":\"xlarge\",\"text_align\":\"left\",\"title_element\":\"div\",\"title_style\":\"h2\",\"visibility\":\"hidden-s\"}},{\"type\":\"headline\",\"props\":{\"block_align\":\"center\",\"content\":\"Obi\\u0161\\u010dite nas\",\"margin\":\"large\",\"margin_remove_bottom\":true,\"maxwidth\":\"xlarge\",\"text_align\":\"left\",\"title_color\":\"primary\",\"title_element\":\"div\",\"title_style\":\"h4\"}},{\"type\":\"headline\",\"props\":{\"block_align\":\"center\",\"content\":\"Petkov\\u0161kovo nabre\\u017eje 21,\\n<br \/>1000 Ljubljana\",\"margin\":\"default\",\"maxwidth\":\"xlarge\",\"text_align\":\"left\",\"title_element\":\"div\",\"title_style\":\"heading-small\",\"visibility\":\"s\"}},{\"type\":\"headline\",\"props\":{\"block_align\":\"center\",\"content\":\"Petkov\\u0161kovo nabre\\u017eje 21\\n<br \/>1000 Ljubljana\",\"margin\":\"default\",\"maxwidth\":\"xlarge\",\"text_align\":\"left\",\"title_element\":\"div\",\"title_style\":\"h2\",\"visibility\":\"hidden-s\"}},{\"type\":\"map\",\"props\":{\"controls\":true,\"dragging\":true,\"height\":\"900\",\"image_svg_color\":\"emphasis\",\"link_style\":\"default\",\"link_target\":true,\"link_text\":\"Open in Google Maps\",\"link_text_sl_si\":\"Odpri v Google Maps\",\"margin\":\"xlarge\",\"max_zoom\":18,\"meta_align\":\"below-title\",\"meta_element\":\"div\",\"meta_style\":\"text-meta\",\"min_zoom\":0,\"poi\":false,\"show_content\":true,\"show_image\":true,\"show_link\":true,\"show_meta\":true,\"show_title\":true,\"styler_gamma\":\"0.3\",\"styler_lightness\":\"75\",\"styler_saturation\":\"-100\",\"title_element\":\"div\",\"title_hover_style\":\"reset\",\"title_style\":\"h3\",\"type\":\"roadmap\",\"zoom\":\"12\",\"zooming\":true},\"children\":[{\"type\":\"map_item\",\"props\":{\"content\":\"Petkov\\u0161kovo nabre\\u017eje 21, 1000 Ljubljana\",\"image\":\"most\\\/most_M_blue.svg\",\"link\":\"https:\\\/\\\/maps.app.goo.gl\\\/ekLPmG7DnT5DxKHaA\",\"location\":\"46.052122749999995,14.508746613241795\",\"title\":\"Most\"}}]},{\"type\":\"headline\",\"props\":{\"block_align\":\"center\",\"content\":\"Gift card\",\"content_sl_si\":\"Darilni bon\",\"id\":\"giftcard\",\"margin\":\"large\",\"maxwidth\":\"xlarge\",\"text_align\":\"left\",\"title_element\":\"h2\",\"title_style\":\"heading-large\"}},{\"type\":\"text\",\"props\":{\"block_align\":\"center\",\"column_breakpoint\":\"m\",\"content\":\"\n\n<p><\\\/p>\\n\n\n<p><\\\/p>\\n\n\n<div class=\\\"gift-card\\\">\\n\n\n<h1>Give the Gift of Romance, Flavor, and Adventure<\\\/h1>\\n\n\n<p class=\\\"intro\\\">Surprise your loved ones with a Most Gift Card \\u2013 the perfect way to offer a memorable experience in Ljubljana.<\\\/p>\\n\n\n<p class=\\\"details\\\">With card, they can enjoy:<\\\/p>\\n\n\n<ul class=\\\"benefits\\\">\\n\n\n<li>Delicious cuisine in our <a href=\\\"\\\/restaurant\\\">restaurant<\\\/a><\\\/li>\\n\n\n<li>A curated selection of wines at our elegant <a href=\\\"\\\/wine-bar\\\">wine bar<\\\/a><\\\/li>\\n\n\n<li>A cozy stay in our charming <a href=\\\"\\\/rooms\\\">rooms<\\\/a><\\\/li>\\n\n\n<li>A magical <a href=\\\"\\\/boat-tours\\\">barchetta tour<\\\/a> on the Ljubljanica River, complete with a house sparkling wine and gourmet delights<\\\/li>\\n<\\\/ul>\\n\n\n<p class=\\\"conclusion\\\">Whether for a romantic getaway, a special celebration, or a relaxing city escape, the Most Gift Card offers unforgettable moments.<\\\/p>\\n\n\n<p class=\\\"call-to-action\\\">Give the gift of experiences. Order your Most Gift Card today!<\\\/p>\\n<\\\/div>\",\"content_sl_si\":\"\n\n<p><\\\/p>\\n\n\n<p><\\\/p>\\n\n\n<div class=\\\"gift-card\\\">\\n\n\n<h1>Podarite romanti\\u010dno do\\u017eivetje, okus in pustolov\\u0161\\u010dino<\\\/h1>\\n\n\n<p class=\\\"intro\\\">Presenetite svoje najdra\\u017eje z darilnim bonom Most \\u2013 popolno darilo za nepozabno izku\\u0161njo v Ljubljani.<\\\/p>\\n\n\n<p class=\\\"details\\\">Z bonom lahko u\\u017eivajo v:<\\\/p>\\n\n\n<ul class=\\\"benefits\\\">\\n\n\n<li>Okusni kulinariki v na\\u0161i <a href=\\\"sl\\\/restavracija\\\">restavraciji<\\\/a><\\\/li>\\n\n\n<li>Izbrani ponudbi vin v elegantnem <a href=\\\"sl\\\/vinski-bar\\\">vinskem baru<\\\/a><\\\/li>\\n\n\n<li>Udobnem bivanju v na\\u0161ih \\u010dudovitih <a href=\\\"sl\\\/prenocisca\\\">preno\\u010di\\u0161\\u010dih<\\\/a><\\\/li>\\n\n\n<li>\\u010carobni <a href=\\\"sl\\\/izleti\\\">vo\\u017enji z barketo<\\\/a> po Ljubljanici s hi\\u0161nim pene\\u010dim vinom in gurmanskimi dobrotami<\\\/li>\\n<\\\/ul>\\n\n\n<p class=\\\"conclusion\\\">Za romanti\\u010den pobeg, posebno praznovanje ali spro\\u0161\\u010den mestni oddih \\u2013 darilni bon Most ponuja nepozabne trenutke.<\\\/p>\\n\n\n<p class=\\\"call-to-action\\\">Podarite do\\u017eivetje. Naro\\u010dite svoj darilni bon Most \\u0161e danes!<\\\/p>\\n<\\\/div>\\n\",\"margin\":\"default\",\"maxwidth\":\"xlarge\",\"text_style\":\"large\"}},{\"type\":\"button\",\"props\":{\"block_align\":\"center\",\"grid_column_gap\":\"small\",\"grid_row_gap\":\"small\",\"margin\":\"small\",\"maxwidth\":\"xlarge\"},\"children\":[{\"type\":\"button_item\",\"props\":{\"button_style\":\"primary\",\"content\":\"Get a Giftcard\",\"content_sl_si\":\"Kupite darilni bon\",\"dialog_layout\":\"modal\",\"dialog_offcanvas_flip\":true,\"icon_align\":\"left\",\"link\":\"https:\\\/\\\/r.venuo.net\\\/most\\\/store\\\/?lng=en\",\"link_sl_si\":\"https:\\\/\\\/r.venuo.net\\\/most\\\/store\\\/?lng=sl\",\"link_target\":\"blank\"}}]},{\"type\":\"image\",\"props\":{\"image\":\"most\\\/most_bon_mockup_2.jpg\",\"image_svg_color\":\"emphasis\",\"image_width\":\"1240\",\"margin\":\"large\",\"margin_remove_bottom\":true}}]}]}],\"name\":\"Contact - splo\\u0161ni\"}],\"version\":\"4.5.20\",\"yooessentialsVersion\":\"2.3.12\"} --><\/p>\n","protected":false},"excerpt":{"rendered":"<p>Contact Us Get in Touch info@restavracija-most.si info@restavracija-most.si +386 51 66 50 20 +386 51 66 50 20 Obi\u0161\u010dite nas Petkov\u0161kovo nabre\u017eje 21, 1000 Ljubljana Petkov\u0161kovo nabre\u017eje 21 1000 Ljubljana 46.052122749999995,14.508746613241795 Most Petkov\u0161kovo nabre\u017eje 21, 1000 Ljubljana Open in Google Maps Gift card Give the Gift of Romance, Flavor, and Adventure Surprise your loved ones with [&hellip;]<\/p>\n","protected":false},"author":1,"featured_media":0,"parent":0,"menu_order":2,"comment_status":"open","ping_status":"open","template":"","meta":{"_acf_changed":false,"footnotes":""},"class_list":["post-22","page","type-page","status-publish","hentry"],"acf":[],"yoast_head":"<!-- This site is optimized with the Yoast SEO Premium plugin v27.1 (Yoast SEO v27.1.1) - https:\/\/yoast.com\/product\/yoast-seo-premium-wordpress\/ -->\n<title>Contact &#8211; Most<\/title>\n<meta name=\"robots\" content=\"index, follow, max-snippet:-1, max-image-preview:large, max-video-preview:-1\" \/>\n<link rel=\"canonical\" href=\"https:\/\/most-lj.si\/en\/contact\/\" \/>\n<meta property=\"og:locale\" content=\"en_US\" \/>\n<meta property=\"og:type\" content=\"article\" \/>\n<meta property=\"og:title\" content=\"Contact &#8211; Most\" \/>\n<meta property=\"og:description\" content=\"Contact Us Get in Touch info@restavracija-most.si info@restavracija-most.si +386 51 66 50 20 +386 51 66 50 20 Obi\u0161\u010dite nas Petkov\u0161kovo nabre\u017eje 21, 1000 Ljubljana Petkov\u0161kovo nabre\u017eje 21 1000 Ljubljana 46.052122749999995,14.508746613241795 Most Petkov\u0161kovo nabre\u017eje 21, 1000 Ljubljana Open in Google Maps Gift card Give the Gift of Romance, Flavor, and Adventure Surprise your loved ones with [&hellip;]\" \/>\n<meta property=\"og:url\" content=\"https:\/\/most-lj.si\/en\/contact\/\" \/>\n<meta property=\"og:site_name\" content=\"Most\" \/>\n<meta property=\"article:publisher\" content=\"https:\/\/www.facebook.com\/Most.Restavracija\" \/>\n<meta property=\"article:modified_time\" content=\"2025-08-21T09:43:55+00:00\" \/>\n<meta property=\"og:image\" content=\"https:\/\/most-lj.si\/wp-content\/uploads\/2025\/05\/most_seo_image-scaled.jpg\" \/>\n\t<meta property=\"og:image:width\" content=\"2560\" \/>\n\t<meta property=\"og:image:height\" content=\"1440\" \/>\n\t<meta property=\"og:image:type\" content=\"image\/jpeg\" \/>\n<meta name=\"twitter:card\" content=\"summary_large_image\" \/>\n<meta name=\"twitter:title\" content=\"Contact &#8211; Most\" \/>\n<meta name=\"twitter:label1\" content=\"Est. reading time\" \/>\n\t<meta name=\"twitter:data1\" content=\"2 minutes\" \/>\n<script type=\"application\/ld+json\" class=\"yoast-schema-graph\">{\"@context\":\"https:\/\/schema.org\",\"@graph\":[{\"@type\":\"WebPage\",\"@id\":\"https:\/\/most-lj.si\/en\/contact\/\",\"url\":\"https:\/\/most-lj.si\/en\/contact\/\",\"name\":\"Contact &#8211; Most\",\"isPartOf\":{\"@id\":\"https:\/\/most-lj.si\/#website\"},\"datePublished\":\"2023-02-08T10:08:14+00:00\",\"dateModified\":\"2025-08-21T09:43:55+00:00\",\"breadcrumb\":{\"@id\":\"https:\/\/most-lj.si\/en\/contact\/#breadcrumb\"},\"inLanguage\":\"en-US\",\"potentialAction\":[{\"@type\":\"ReadAction\",\"target\":[\"https:\/\/most-lj.si\/en\/contact\/\"]}]},{\"@type\":\"BreadcrumbList\",\"@id\":\"https:\/\/most-lj.si\/en\/contact\/#breadcrumb\",\"itemListElement\":[{\"@type\":\"ListItem\",\"position\":1,\"name\":\"Home\",\"item\":\"https:\/\/most-lj.si\/en\/\"},{\"@type\":\"ListItem\",\"position\":2,\"name\":\"Contact\"}]},{\"@type\":\"WebSite\",\"@id\":\"https:\/\/most-lj.si\/#website\",\"url\":\"https:\/\/most-lj.si\/\",\"name\":\"Most\",\"description\":\"Your bridge to new experiences\",\"publisher\":{\"@id\":\"https:\/\/most-lj.si\/#organization\"},\"potentialAction\":[{\"@type\":\"SearchAction\",\"target\":{\"@type\":\"EntryPoint\",\"urlTemplate\":\"https:\/\/most-lj.si\/?s={search_term_string}\"},\"query-input\":{\"@type\":\"PropertyValueSpecification\",\"valueRequired\":true,\"valueName\":\"search_term_string\"}}],\"inLanguage\":\"en-US\"},{\"@type\":\"Organization\",\"@id\":\"https:\/\/most-lj.si\/#organization\",\"name\":\"Most\",\"url\":\"https:\/\/most-lj.si\/\",\"logo\":{\"@type\":\"ImageObject\",\"inLanguage\":\"en-US\",\"@id\":\"https:\/\/most-lj.si\/#\/schema\/logo\/image\/\",\"url\":\"https:\/\/most-lj.si\/wp-content\/uploads\/2025\/05\/most_logo_transparent_7.png\",\"contentUrl\":\"https:\/\/most-lj.si\/wp-content\/uploads\/2025\/05\/most_logo_transparent_7.png\",\"width\":1701,\"height\":1701,\"caption\":\"Most\"},\"image\":{\"@id\":\"https:\/\/most-lj.si\/#\/schema\/logo\/image\/\"},\"sameAs\":[\"https:\/\/www.facebook.com\/Most.Restavracija\",\"https:\/\/www.instagram.com\/restavracija_most\",\"https:\/\/www.facebook.com\/VinskiBarMost\",\"https:\/\/www.instagram.com\/vinskibar_most\"]}]}<\/script>\n<!-- \/ Yoast SEO Premium plugin. -->","yoast_head_json":{"title":"Contact &#8211; Most","robots":{"index":"index","follow":"follow","max-snippet":"max-snippet:-1","max-image-preview":"max-image-preview:large","max-video-preview":"max-video-preview:-1"},"canonical":"https:\/\/most-lj.si\/en\/contact\/","og_locale":"en_US","og_type":"article","og_title":"Contact &#8211; Most","og_description":"Contact Us Get in Touch info@restavracija-most.si info@restavracija-most.si +386 51 66 50 20 +386 51 66 50 20 Obi\u0161\u010dite nas Petkov\u0161kovo nabre\u017eje 21, 1000 Ljubljana Petkov\u0161kovo nabre\u017eje 21 1000 Ljubljana 46.052122749999995,14.508746613241795 Most Petkov\u0161kovo nabre\u017eje 21, 1000 Ljubljana Open in Google Maps Gift card Give the Gift of Romance, Flavor, and Adventure Surprise your loved ones with [&hellip;]","og_url":"https:\/\/most-lj.si\/en\/contact\/","og_site_name":"Most","article_publisher":"https:\/\/www.facebook.com\/Most.Restavracija","article_modified_time":"2025-08-21T09:43:55+00:00","og_image":[{"width":2560,"height":1440,"url":"https:\/\/most-lj.si\/wp-content\/uploads\/2025\/05\/most_seo_image-scaled.jpg","type":"image\/jpeg"}],"twitter_card":"summary_large_image","twitter_title":"Contact &#8211; Most","twitter_misc":{"Est. reading time":"2 minutes"},"schema":{"@context":"https:\/\/schema.org","@graph":[{"@type":"WebPage","@id":"https:\/\/most-lj.si\/en\/contact\/","url":"https:\/\/most-lj.si\/en\/contact\/","name":"Contact &#8211; Most","isPartOf":{"@id":"https:\/\/most-lj.si\/#website"},"datePublished":"2023-02-08T10:08:14+00:00","dateModified":"2025-08-21T09:43:55+00:00","breadcrumb":{"@id":"https:\/\/most-lj.si\/en\/contact\/#breadcrumb"},"inLanguage":"en-US","potentialAction":[{"@type":"ReadAction","target":["https:\/\/most-lj.si\/en\/contact\/"]}]},{"@type":"BreadcrumbList","@id":"https:\/\/most-lj.si\/en\/contact\/#breadcrumb","itemListElement":[{"@type":"ListItem","position":1,"name":"Home","item":"https:\/\/most-lj.si\/en\/"},{"@type":"ListItem","position":2,"name":"Contact"}]},{"@type":"WebSite","@id":"https:\/\/most-lj.si\/#website","url":"https:\/\/most-lj.si\/","name":"Most","description":"Your bridge to new experiences","publisher":{"@id":"https:\/\/most-lj.si\/#organization"},"potentialAction":[{"@type":"SearchAction","target":{"@type":"EntryPoint","urlTemplate":"https:\/\/most-lj.si\/?s={search_term_string}"},"query-input":{"@type":"PropertyValueSpecification","valueRequired":true,"valueName":"search_term_string"}}],"inLanguage":"en-US"},{"@type":"Organization","@id":"https:\/\/most-lj.si\/#organization","name":"Most","url":"https:\/\/most-lj.si\/","logo":{"@type":"ImageObject","inLanguage":"en-US","@id":"https:\/\/most-lj.si\/#\/schema\/logo\/image\/","url":"https:\/\/most-lj.si\/wp-content\/uploads\/2025\/05\/most_logo_transparent_7.png","contentUrl":"https:\/\/most-lj.si\/wp-content\/uploads\/2025\/05\/most_logo_transparent_7.png","width":1701,"height":1701,"caption":"Most"},"image":{"@id":"https:\/\/most-lj.si\/#\/schema\/logo\/image\/"},"sameAs":["https:\/\/www.facebook.com\/Most.Restavracija","https:\/\/www.instagram.com\/restavracija_most","https:\/\/www.facebook.com\/VinskiBarMost","https:\/\/www.instagram.com\/vinskibar_most"]}]}},"_links":{"self":[{"href":"https:\/\/most-lj.si\/en\/wp-json\/wp\/v2\/pages\/22","targetHints":{"allow":["GET"]}}],"collection":[{"href":"https:\/\/most-lj.si\/en\/wp-json\/wp\/v2\/pages"}],"about":[{"href":"https:\/\/most-lj.si\/en\/wp-json\/wp\/v2\/types\/page"}],"author":[{"embeddable":true,"href":"https:\/\/most-lj.si\/en\/wp-json\/wp\/v2\/users\/1"}],"replies":[{"embeddable":true,"href":"https:\/\/most-lj.si\/en\/wp-json\/wp\/v2\/comments?post=22"}],"version-history":[{"count":50,"href":"https:\/\/most-lj.si\/en\/wp-json\/wp\/v2\/pages\/22\/revisions"}],"predecessor-version":[{"id":2291,"href":"https:\/\/most-lj.si\/en\/wp-json\/wp\/v2\/pages\/22\/revisions\/2291"}],"wp:attachment":[{"href":"https:\/\/most-lj.si\/en\/wp-json\/wp\/v2\/media?parent=22"}],"curies":[{"name":"wp","href":"https:\/\/api.w.org\/{rel}","templated":true}]}}